{"id":227,"date":"2024-10-10T01:32:25","date_gmt":"2024-10-10T01:32:25","guid":{"rendered":"https:\/\/minhasaudesimples.com.br\/blog\/MinhaAyurveda\/?page_id=227"},"modified":"2024-10-10T01:35:57","modified_gmt":"2024-10-10T01:35:57","slug":"ebooks-e-cursos","status":"publish","type":"page","link":"https:\/\/minhasaudesimples.com.br\/blog\/MinhaAyurveda\/ebooks-e-cursos\/","title":{"rendered":"Cursos e Ebooks"},"content":{"rendered":"\t\t<div data-elementor-type=\"wp-page\" data-elementor-id=\"227\" class=\"elementor elementor-227\">\n\t\t\t\t\t\t<section class=\"elementor-section elementor-top-section elementor-element elementor-element-e2ae8ec elementor-section-boxed elementor-section-height-default elementor-section-height-default\" data-id=\"e2ae8ec\" data-element_type=\"section\">\n\t\t\t\t\t\t<div class=\"elementor-container elementor-column-gap-default\">\n\t\t\t\t\t<div class=\"elementor-column elementor-col-50 elementor-top-column elementor-element elementor-element-352ca8e\" data-id=\"352ca8e\" data-element_type=\"column\">\n\t\t\t<div class=\"elementor-widget-wrap elementor-element-populated\">\n\t\t\t\t\t\t<div class=\"elementor-element elementor-element-0c26a66 elementor-widget elementor-widget-image\" data-id=\"0c26a66\" data-element_type=\"widget\" data-widget_type=\"image.default\">\n\t\t\t\t<div class=\"elementor-widget-container\">\n\t\t\t\t\t\t\t\t\t\t\t\t\t\t\t<img fetchpriority=\"high\" decoding=\"async\" width=\"300\" height=\"300\" src=\"https:\/\/i0.wp.com\/minhasaudesimples.com.br\/blog\/MinhaAyurveda\/wp-content\/uploads\/2024\/10\/ebooks.jpg?fit=300%2C300&amp;ssl=1\" class=\"attachment-medium size-medium wp-image-235\" alt=\"\" srcset=\"https:\/\/i0.wp.com\/minhasaudesimples.com.br\/blog\/MinhaAyurveda\/wp-content\/uploads\/2024\/10\/ebooks.jpg?w=1024&amp;ssl=1 1024w, https:\/\/i0.wp.com\/minhasaudesimples.com.br\/blog\/MinhaAyurveda\/wp-content\/uploads\/2024\/10\/ebooks.jpg?resize=300%2C300&amp;ssl=1 300w, https:\/\/i0.wp.com\/minhasaudesimples.com.br\/blog\/MinhaAyurveda\/wp-content\/uploads\/2024\/10\/ebooks.jpg?resize=150%2C150&amp;ssl=1 150w, https:\/\/i0.wp.com\/minhasaudesimples.com.br\/blog\/MinhaAyurveda\/wp-content\/uploads\/2024\/10\/ebooks.jpg?resize=768%2C768&amp;ssl=1 768w\" sizes=\"(max-width: 300px) 100vw, 300px\" \/>\t\t\t\t\t\t\t\t\t\t\t\t\t\t\t<\/div>\n\t\t\t\t<\/div>\n\t\t\t\t\t<\/div>\n\t\t<\/div>\n\t\t\t\t<div class=\"elementor-column elementor-col-50 elementor-top-column elementor-element elementor-element-bac1acc\" data-id=\"bac1acc\" data-element_type=\"column\">\n\t\t\t<div class=\"elementor-widget-wrap elementor-element-populated\">\n\t\t\t\t\t\t<div class=\"elementor-element elementor-element-7b6396b elementor-widget elementor-widget-text-editor\" data-id=\"7b6396b\" data-element_type=\"widget\" data-widget_type=\"text-editor.default\">\n\t\t\t\t<div class=\"elementor-widget-container\">\n\t\t\t\t\t\t\t\t\t<p>Descubra nossas obras exclusivas e tamb\u00e9m as de nossos parceiros em Ayurveda<\/p><p><span style=\"color: var( --e-global-color-text ); font-family: var( --e-global-typography-text-font-family ), Sans-serif; font-weight: var( --e-global-typography-text-font-weight );\">Aprofunde-se em pr\u00e1ticas ancestrais, receitas curativas e guias de bem-estar, com conte\u00fado acess\u00edvel para todos os n\u00edveis. Seja para enriquecer sua pr\u00e1tica pessoal ou ampliar seu conhecimento profissional, encontre aqui os melhores recursos de nossos parceiros especializados.\u00a0<\/span><\/p><p><span style=\"color: var( --e-global-color-text ); font-family: var( --e-global-typography-text-font-family ), Sans-serif; font-weight: var( --e-global-typography-text-font-weight );\">Se precisar de ajustes ou detalhes adicionais, \u00e9 s\u00f3 avisar!<\/span><\/p>\t\t\t\t\t\t\t\t<\/div>\n\t\t\t\t<\/div>\n\t\t\t\t\t<\/div>\n\t\t<\/div>\n\t\t\t\t\t<\/div>\n\t\t<\/section>\n\t\t\t\t<section class=\"elementor-section elementor-top-section elementor-element elementor-element-36b994d6 elementor-section-content-middle elementor-section-full_width elementor-section-height-default elementor-section-height-default\" data-id=\"36b994d6\" data-element_type=\"section\" data-settings=\"{&quot;background_background&quot;:&quot;classic&quot;}\">\n\t\t\t\t\t\t<div class=\"elementor-container elementor-column-gap-no\">\n\t\t\t\t\t<div class=\"elementor-column elementor-col-50 elementor-top-column elementor-element elementor-element-4b4159ef\" data-id=\"4b4159ef\" data-element_type=\"column\">\n\t\t\t<div class=\"elementor-widget-wrap elementor-element-populated\">\n\t\t\t\t\t\t<div class=\"elementor-element elementor-element-103443e9 elementor-widget elementor-widget-heading\" data-id=\"103443e9\" data-element_type=\"widget\" data-widget_type=\"heading.default\">\n\t\t\t\t<div class=\"elementor-widget-container\">\n\t\t\t\t\t<h2 class=\"elementor-heading-title elementor-size-default\">Pitta Dosha: O Guia Ayurv\u00e9dico<\/h2>\t\t\t\t<\/div>\n\t\t\t\t<\/div>\n\t\t\t\t<div class=\"elementor-element elementor-element-fc8dee8 elementor-widget elementor-widget-text-editor\" data-id=\"fc8dee8\" data-element_type=\"widget\" data-widget_type=\"text-editor.default\">\n\t\t\t\t<div class=\"elementor-widget-container\">\n\t\t\t\t\t\t\t\t\t<p><span style=\"color: #333333; font-family: 'Nunito Sans', sans-serif; font-size: 16px;\">Pitta Dosha \u00e9 um guia ayurv\u00e9dico completo que ir\u00e1 ajud\u00e1-lo a entender seu corpo e mente, e como equilibrar seus elementos do fogo e da \u00e1gua para alcan\u00e7ar uma sa\u00fade ideal.<\/span><\/p>\t\t\t\t\t\t\t\t<\/div>\n\t\t\t\t<\/div>\n\t\t\t\t\t<\/div>\n\t\t<\/div>\n\t\t\t\t<div class=\"elementor-column elementor-col-50 elementor-top-column elementor-element elementor-element-3c37a6b1\" data-id=\"3c37a6b1\" data-element_type=\"column\">\n\t\t\t<div class=\"elementor-widget-wrap elementor-element-populated\">\n\t\t\t\t\t\t<div class=\"elementor-element elementor-element-1fc10960 elementor-widget elementor-widget-image\" data-id=\"1fc10960\" data-element_type=\"widget\" data-widget_type=\"image.default\">\n\t\t\t\t<div class=\"elementor-widget-container\">\n\t\t\t\t\t\t\t\t\t\t\t\t<figure class=\"wp-caption\">\n\t\t\t\t\t\t\t\t\t\t\t<a href=\"https:\/\/hotmart.com\/pt-br\/marketplace\/produtos\/pitta-dosha-o-guia-ayurvedico-para-equilibrar-os-elementos-fogo-e-agua\/C81814569W?sck=HOTMART_SITE\">\n\t\t\t\t\t\t\t<img decoding=\"async\" width=\"300\" height=\"300\" src=\"https:\/\/i0.wp.com\/minhasaudesimples.com.br\/blog\/MinhaAyurveda\/wp-content\/uploads\/2024\/10\/pitta-dosha-ebook-1.webp?fit=300%2C300&amp;ssl=1\" class=\"attachment-large size-large wp-image-232\" alt=\"\" srcset=\"https:\/\/i0.wp.com\/minhasaudesimples.com.br\/blog\/MinhaAyurveda\/wp-content\/uploads\/2024\/10\/pitta-dosha-ebook-1.webp?w=300&amp;ssl=1 300w, https:\/\/i0.wp.com\/minhasaudesimples.com.br\/blog\/MinhaAyurveda\/wp-content\/uploads\/2024\/10\/pitta-dosha-ebook-1.webp?resize=150%2C150&amp;ssl=1 150w\" sizes=\"(max-width: 300px) 100vw, 300px\" \/>\t\t\t\t\t\t\t\t<\/a>\n\t\t\t\t\t\t\t\t\t\t\t<figcaption class=\"widget-image-caption wp-caption-text\">R$ 10,00<\/figcaption>\n\t\t\t\t\t\t\t\t\t\t<\/figure>\n\t\t\t\t\t\t\t\t\t<\/div>\n\t\t\t\t<\/div>\n\t\t\t\t\t<\/div>\n\t\t<\/div>\n\t\t\t\t\t<\/div>\n\t\t<\/section>\n\t\t\t\t<section class=\"elementor-section elementor-top-section elementor-element elementor-element-3a19b04c elementor-section-content-middle elementor-section-full_width elementor-reverse-mobile elementor-section-height-default elementor-section-height-default\" data-id=\"3a19b04c\" data-element_type=\"section\" data-settings=\"{&quot;background_background&quot;:&quot;classic&quot;}\">\n\t\t\t\t\t\t<div class=\"elementor-container elementor-column-gap-no\">\n\t\t\t\t\t<div class=\"elementor-column elementor-col-50 elementor-top-column elementor-element elementor-element-3d5e47f8\" data-id=\"3d5e47f8\" data-element_type=\"column\">\n\t\t\t<div class=\"elementor-widget-wrap elementor-element-populated\">\n\t\t\t\t\t\t<div class=\"elementor-element elementor-element-2535d2e5 elementor-widget elementor-widget-image\" data-id=\"2535d2e5\" data-element_type=\"widget\" data-widget_type=\"image.default\">\n\t\t\t\t<div class=\"elementor-widget-container\">\n\t\t\t\t\t\t\t\t\t\t\t\t<figure class=\"wp-caption\">\n\t\t\t\t\t\t\t\t\t\t\t<a href=\"https:\/\/hotmart.com\/pt-br\/marketplace\/produtos\/kapha-dosha-o-guia-ayurvedico-para-equilibrar-os-elementos-da-terra-e-da-agua\/Y81707993G?sck=HOTMART_SITE\">\n\t\t\t\t\t\t\t<img decoding=\"async\" width=\"300\" height=\"300\" src=\"https:\/\/i0.wp.com\/minhasaudesimples.com.br\/blog\/MinhaAyurveda\/wp-content\/uploads\/2024\/10\/capakapha.webp?fit=300%2C300&amp;ssl=1\" class=\"attachment-large size-large wp-image-230\" alt=\"\" srcset=\"https:\/\/i0.wp.com\/minhasaudesimples.com.br\/blog\/MinhaAyurveda\/wp-content\/uploads\/2024\/10\/capakapha.webp?w=300&amp;ssl=1 300w, https:\/\/i0.wp.com\/minhasaudesimples.com.br\/blog\/MinhaAyurveda\/wp-content\/uploads\/2024\/10\/capakapha.webp?resize=150%2C150&amp;ssl=1 150w\" sizes=\"(max-width: 300px) 100vw, 300px\" \/>\t\t\t\t\t\t\t\t<\/a>\n\t\t\t\t\t\t\t\t\t\t\t<figcaption class=\"widget-image-caption wp-caption-text\">R$ 10,00<\/figcaption>\n\t\t\t\t\t\t\t\t\t\t<\/figure>\n\t\t\t\t\t\t\t\t\t<\/div>\n\t\t\t\t<\/div>\n\t\t\t\t\t<\/div>\n\t\t<\/div>\n\t\t\t\t<div class=\"elementor-column elementor-col-50 elementor-top-column elementor-element elementor-element-7bd6fa6b\" data-id=\"7bd6fa6b\" data-element_type=\"column\">\n\t\t\t<div class=\"elementor-widget-wrap elementor-element-populated\">\n\t\t\t\t\t\t<div class=\"elementor-element elementor-element-24f99439 elementor-widget elementor-widget-heading\" data-id=\"24f99439\" data-element_type=\"widget\" data-widget_type=\"heading.default\">\n\t\t\t\t<div class=\"elementor-widget-container\">\n\t\t\t\t\t<h2 class=\"elementor-heading-title elementor-size-default\"><h1 style=\", sans-serif;text-transform: none;font-size: var(--text-5) !important;margin-top: var(--spacer-1) !important;margin-bottom: 0px !important;line-height: var(--line-height) !important;font-weight: var(--font-weight-bold) !important\">Kapha Dosha: O Guia Ayurv\u00e9dico<\/h1><\/h2>\t\t\t\t<\/div>\n\t\t\t\t<\/div>\n\t\t\t\t<div class=\"elementor-element elementor-element-55f9bb1e elementor-widget elementor-widget-text-editor\" data-id=\"55f9bb1e\" data-element_type=\"widget\" data-widget_type=\"text-editor.default\">\n\t\t\t\t<div class=\"elementor-widget-container\">\n\t\t\t\t\t\t\t\t\t<p><span style=\"color: #333333; font-family: 'Nunito Sans', sans-serif; font-size: 16px;\">Kapha Dosha \u00e9 um guia ayurv\u00e9dico completo que ir\u00e1 ajud\u00e1-lo a entender seu corpo e mente, e como equilibrar seus elementos da terra e da \u00e1gua para alcan\u00e7ar uma sa\u00fade ideal.<\/span><\/p>\t\t\t\t\t\t\t\t<\/div>\n\t\t\t\t<\/div>\n\t\t\t\t\t<\/div>\n\t\t<\/div>\n\t\t\t\t\t<\/div>\n\t\t<\/section>\n\t\t\t\t<section class=\"elementor-section elementor-top-section elementor-element elementor-element-56af2fe6 elementor-section-content-middle elementor-section-full_width elementor-section-height-default elementor-section-height-default\" data-id=\"56af2fe6\" data-element_type=\"section\" data-settings=\"{&quot;background_background&quot;:&quot;classic&quot;}\">\n\t\t\t\t\t\t<div class=\"elementor-container elementor-column-gap-no\">\n\t\t\t\t\t<div class=\"elementor-column elementor-col-50 elementor-top-column elementor-element elementor-element-739a4237\" data-id=\"739a4237\" data-element_type=\"column\">\n\t\t\t<div class=\"elementor-widget-wrap elementor-element-populated\">\n\t\t\t\t\t\t<div class=\"elementor-element elementor-element-4958a2a1 elementor-widget elementor-widget-heading\" data-id=\"4958a2a1\" data-element_type=\"widget\" data-widget_type=\"heading.default\">\n\t\t\t\t<div class=\"elementor-widget-container\">\n\t\t\t\t\t<h2 class=\"elementor-heading-title elementor-size-default\"><h1 style=\", sans-serif;text-transform: none;font-size: var(--text-5) !important;margin-top: var(--spacer-1) !important;margin-bottom: 0px !important;line-height: var(--line-height) !important;font-weight: var(--font-weight-bold) !important\">Vata Dosha: O Guia Ayurv\u00e9dico<span style=\"font-family: Poppins, sans-serif;letter-spacing: 0px\"><\/span><\/h1><\/h2>\t\t\t\t<\/div>\n\t\t\t\t<\/div>\n\t\t\t\t<div class=\"elementor-element elementor-element-64cd45ef elementor-widget elementor-widget-text-editor\" data-id=\"64cd45ef\" data-element_type=\"widget\" data-widget_type=\"text-editor.default\">\n\t\t\t\t<div class=\"elementor-widget-container\">\n\t\t\t\t\t\t\t\t\t<p><span style=\"color: #333333; font-family: 'Nunito Sans', sans-serif; font-size: 16px;\">Vata Dosha \u00e9 um guia ayurv\u00e9dico completo que ir\u00e1 ajud\u00e1-lo a entender seu corpo e mente, e como equilibrar seus elementos do ar e do \u00e9ter para alcan\u00e7ar uma sa\u00fade ideal.<\/span><\/p>\t\t\t\t\t\t\t\t<\/div>\n\t\t\t\t<\/div>\n\t\t\t\t\t<\/div>\n\t\t<\/div>\n\t\t\t\t<div class=\"elementor-column elementor-col-50 elementor-top-column elementor-element elementor-element-79bc89b6\" data-id=\"79bc89b6\" data-element_type=\"column\">\n\t\t\t<div class=\"elementor-widget-wrap elementor-element-populated\">\n\t\t\t\t\t\t<div class=\"elementor-element elementor-element-2ceea084 elementor-widget elementor-widget-image\" data-id=\"2ceea084\" data-element_type=\"widget\" data-widget_type=\"image.default\">\n\t\t\t\t<div class=\"elementor-widget-container\">\n\t\t\t\t\t\t\t\t\t\t\t\t<figure class=\"wp-caption\">\n\t\t\t\t\t\t\t\t\t\t\t<a href=\"https:\/\/hotmart.com\/pt-br\/marketplace\/produtos\/vata-dosha-o-guia-ayurvedico-para-equilibrar-os-elementos-ar-e-ether\/V82719853R?sck=HOTMART_SITE\">\n\t\t\t\t\t\t\t<img loading=\"lazy\" decoding=\"async\" width=\"300\" height=\"300\" src=\"https:\/\/i0.wp.com\/minhasaudesimples.com.br\/blog\/MinhaAyurveda\/wp-content\/uploads\/2024\/10\/vata-dosha-1.webp?fit=300%2C300&amp;ssl=1\" class=\"attachment-large size-large wp-image-231\" alt=\"\" srcset=\"https:\/\/i0.wp.com\/minhasaudesimples.com.br\/blog\/MinhaAyurveda\/wp-content\/uploads\/2024\/10\/vata-dosha-1.webp?w=300&amp;ssl=1 300w, https:\/\/i0.wp.com\/minhasaudesimples.com.br\/blog\/MinhaAyurveda\/wp-content\/uploads\/2024\/10\/vata-dosha-1.webp?resize=150%2C150&amp;ssl=1 150w\" sizes=\"(max-width: 300px) 100vw, 300px\" \/>\t\t\t\t\t\t\t\t<\/a>\n\t\t\t\t\t\t\t\t\t\t\t<figcaption class=\"widget-image-caption wp-caption-text\">R$ 10,00<\/figcaption>\n\t\t\t\t\t\t\t\t\t\t<\/figure>\n\t\t\t\t\t\t\t\t\t<\/div>\n\t\t\t\t<\/div>\n\t\t\t\t\t<\/div>\n\t\t<\/div>\n\t\t\t\t\t<\/div>\n\t\t<\/section>\n\t\t\t\t<\/div>\n\t\t","protected":false},"excerpt":{"rendered":"<p>Descubra nossas obras exclusivas e tamb\u00e9m as de nossos parceiros em Ayurveda Aprofunde-se em pr\u00e1ticas ancestrais, receitas curativas e guias de bem-estar, com conte\u00fado acess\u00edvel para todos os n\u00edveis. Seja para enriquecer sua pr\u00e1tica pessoal ou ampliar seu conhecimento profissional, encontre aqui os melhores recursos de nossos parceiros especializados.\u00a0 Se precisar de ajustes ou detalhes [&hellip;]<\/p>\n","protected":false},"author":1,"featured_media":0,"parent":0,"menu_order":0,"comment_status":"closed","ping_status":"closed","template":"","meta":{"jetpack_post_was_ever_published":false,"footnotes":""},"class_list":["post-227","page","type-page","status-publish","hentry"],"jetpack_sharing_enabled":true,"jetpack-related-posts":[],"_links":{"self":[{"href":"https:\/\/minhasaudesimples.com.br\/blog\/MinhaAyurveda\/wp-json\/wp\/v2\/pages\/227","targetHints":{"allow":["GET"]}}],"collection":[{"href":"https:\/\/minhasaudesimples.com.br\/blog\/MinhaAyurveda\/wp-json\/wp\/v2\/pages"}],"about":[{"href":"https:\/\/minhasaudesimples.com.br\/blog\/MinhaAyurveda\/wp-json\/wp\/v2\/types\/page"}],"author":[{"embeddable":true,"href":"https:\/\/minhasaudesimples.com.br\/blog\/MinhaAyurveda\/wp-json\/wp\/v2\/users\/1"}],"replies":[{"embeddable":true,"href":"https:\/\/minhasaudesimples.com.br\/blog\/MinhaAyurveda\/wp-json\/wp\/v2\/comments?post=227"}],"version-history":[{"count":4,"href":"https:\/\/minhasaudesimples.com.br\/blog\/MinhaAyurveda\/wp-json\/wp\/v2\/pages\/227\/revisions"}],"predecessor-version":[{"id":239,"href":"https:\/\/minhasaudesimples.com.br\/blog\/MinhaAyurveda\/wp-json\/wp\/v2\/pages\/227\/revisions\/239"}],"wp:attachment":[{"href":"https:\/\/minhasaudesimples.com.br\/blog\/MinhaAyurveda\/wp-json\/wp\/v2\/media?parent=227"}],"curies":[{"name":"wp","href":"https:\/\/api.w.org\/{rel}","templated":true}]}}